{"id":10,"date":"2022-09-04T15:23:39","date_gmt":"2022-09-04T13:23:39","guid":{"rendered":"https:\/\/192.168.178.24\/wordpress\/?page_id=10"},"modified":"2023-03-08T08:47:20","modified_gmt":"2023-03-08T07:47:20","slug":"der-verein","status":"publish","type":"page","link":"https:\/\/www.fischenicher-schuetzen.de\/?page_id=10","title":{"rendered":"Der Verein"},"content":{"rendered":"\t\t<div data-elementor-type=\"wp-page\" data-elementor-id=\"10\" class=\"elementor elementor-10\">\n\t\t\t\t\t\t<section class=\"elementor-section elementor-top-section elementor-element elementor-element-4aefcc0d elementor-section-boxed elementor-section-height-default elementor-section-height-default\" data-id=\"4aefcc0d\" data-element_type=\"section\" data-e-type=\"section\">\n\t\t\t\t\t\t<div class=\"elementor-container elementor-column-gap-default\">\n\t\t\t\t\t<div class=\"elementor-column elementor-col-100 elementor-top-column elementor-element elementor-element-23e64895\" data-id=\"23e64895\" data-element_type=\"column\" data-e-type=\"column\">\n\t\t\t<div class=\"elementor-widget-wrap elementor-element-populated\">\n\t\t\t\t\t\t<div class=\"elementor-element elementor-element-25057e4b elementor-widget elementor-widget-text-editor\" data-id=\"25057e4b\" data-element_type=\"widget\" data-e-type=\"widget\" data-widget_type=\"text-editor.default\">\n\t\t\t\t<div class=\"elementor-widget-container\">\n\t\t\t\t\t\t\t\t\t<p><\/p>\n<p><strong>Die St. Hubertus Sch\u00fctzenbruderschaft Fischenich<\/strong>&nbsp;existiert seit 1931 und konzentriert sich nicht nur auf den Schie\u00dfsport, sondern auch auf Brauchtumspflege. Dieses wird durch das Motto der Sch\u00fctzen \u201e<strong>Glaube Sitte Heimat<\/strong>\u201c und dem Besuch ausw\u00e4rtiger Sch\u00fctzenvereine ausge\u00fcbt.<\/p>\n<p>Wir trainieren nach Absprache Montags ab 18 Uhr und regelm\u00e4\u00dfig Freitags ab 17.30 Uhr in unserem Sch\u00fctzenheim auf der Gennerstra\u00dfe 27A in 50354 H\u00fcrth.&nbsp;<\/p>\n<p>Durch&nbsp;<strong>lasergesch\u00fctztes Schie\u00dfen<\/strong>&nbsp;kann&nbsp;jeder \u2013 von jung bis alt \u2013 bei uns schie\u00dfen lernen. G\u00e4ste sind herzlich eingeladen und gerne willkommen.<\/p>\n<p>Nach dem Training beginnt das gem\u00fctliche Zusammensein mit Getr\u00e4nken, Essen und Gespr\u00e4chen.<\/p>\n<p><br>\n<\/p>\n<p>\u00dcber Ihren\/Deinen Besuch w\u00fcrden wir uns sehr freuen!!!<\/p>\n<p>&nbsp;<\/p>\n<p>Du hast Interesse auf eine Mitgliedschaft?<\/p>\n<p>Der <strong>j\u00e4hrliche Mitgliedbeitrag<\/strong> ist bei den Altersklassen unterschiedlich hoch gestaffelt.<\/p>\n<p>Er betr\u00e4gt bei Sch\u00fclern bis 15 Jahren 20,00 \u20ac<\/p>\n<p>Jugendliche zwischen 16 und 24 Jahren zahlen 25,00\u20ac<\/p>\n<p>Aktive Sch\u00fctzen und F\u00f6rdermitglieder 60,00\u20ac<\/p>\n<p>Der Mitgliedsantrag kann im Download-Bereich heruntergeladen werden.<\/p>\n<p><\/p>\t\t\t\t\t\t\t\t<\/div>\n\t\t\t\t<\/div>\n\t\t\t\t\t<\/div>\n\t\t<\/div>\n\t\t\t\t\t<\/div>\n\t\t<\/section>\n\t\t\t\t<\/div>\n\t\t","protected":false},"excerpt":{"rendered":"<p>Die St. Hubertus Sch\u00fctzenbruderschaft Fischenich&nbsp;existiert seit 1931 und konzentriert sich nicht nur auf den Schie\u00dfsport, sondern auch auf Brauchtumspflege. Dieses wird durch das Motto der Sch\u00fctzen \u201eGlaube Sitte Heimat\u201c und dem Besuch ausw\u00e4rtiger Sch\u00fctzenvereine ausge\u00fcbt. Wir trainieren nach Absprache Montags ab 18 Uhr und regelm\u00e4\u00dfig Freitags ab 17.30 Uhr in unserem Sch\u00fctzenheim auf der Gennerstra\u00dfe&hellip;&nbsp;<a href=\"https:\/\/www.fischenicher-schuetzen.de\/?page_id=10\" rel=\"bookmark\">Weiterlesen &raquo;<span class=\"screen-reader-text\">Der Verein<\/span><\/a><\/p>\n","protected":false},"author":18,"featured_media":0,"parent":0,"menu_order":0,"comment_status":"closed","ping_status":"closed","template":"","meta":{"neve_meta_sidebar":"","neve_meta_container":"","neve_meta_enable_content_width":"off","neve_meta_content_width":100,"neve_meta_title_alignment":"","neve_meta_author_avatar":"","neve_post_elements_order":"","neve_meta_disable_header":"","neve_meta_disable_footer":"","neve_meta_disable_title":"","footnotes":""},"class_list":["post-10","page","type-page","status-publish","hentry"],"_links":{"self":[{"href":"https:\/\/www.fischenicher-schuetzen.de\/index.php?rest_route=\/wp\/v2\/pages\/10","targetHints":{"allow":["GET"]}}],"collection":[{"href":"https:\/\/www.fischenicher-schuetzen.de\/index.php?rest_route=\/wp\/v2\/pages"}],"about":[{"href":"https:\/\/www.fischenicher-schuetzen.de\/index.php?rest_route=\/wp\/v2\/types\/page"}],"author":[{"embeddable":true,"href":"https:\/\/www.fischenicher-schuetzen.de\/index.php?rest_route=\/wp\/v2\/users\/18"}],"replies":[{"embeddable":true,"href":"https:\/\/www.fischenicher-schuetzen.de\/index.php?rest_route=%2Fwp%2Fv2%2Fcomments&post=10"}],"version-history":[{"count":5,"href":"https:\/\/www.fischenicher-schuetzen.de\/index.php?rest_route=\/wp\/v2\/pages\/10\/revisions"}],"predecessor-version":[{"id":42947,"href":"https:\/\/www.fischenicher-schuetzen.de\/index.php?rest_route=\/wp\/v2\/pages\/10\/revisions\/42947"}],"wp:attachment":[{"href":"https:\/\/www.fischenicher-schuetzen.de\/index.php?rest_route=%2Fwp%2Fv2%2Fmedia&parent=10"}],"curies":[{"name":"wp","href":"https:\/\/api.w.org\/{rel}","templated":true}]}}