{"id":149,"date":"2022-09-05T17:06:02","date_gmt":"2022-09-05T15:06:02","guid":{"rendered":"https:\/\/cloud.suytings.de\/wordpress\/?page_id=149"},"modified":"2024-02-14T21:58:25","modified_gmt":"2024-02-14T20:58:25","slug":"start","status":"publish","type":"page","link":"https:\/\/www.fischenicher-schuetzen.de\/","title":{"rendered":"Willkommen"},"content":{"rendered":"\t\t<div data-elementor-type=\"wp-page\" data-elementor-id=\"149\" class=\"elementor elementor-149\">\n\t\t\t\t\t\t<section class=\"elementor-section elementor-top-section elementor-element elementor-element-27bb085b elementor-section-boxed elementor-section-height-default elementor-section-height-default\" data-id=\"27bb085b\" data-element_type=\"section\" data-e-type=\"section\">\n\t\t\t\t\t\t<div class=\"elementor-container elementor-column-gap-default\">\n\t\t\t\t\t<div class=\"elementor-column elementor-col-100 elementor-top-column elementor-element elementor-element-774cfdef\" data-id=\"774cfdef\" data-element_type=\"column\" data-e-type=\"column\">\n\t\t\t<div class=\"elementor-widget-wrap elementor-element-populated\">\n\t\t\t\t\t\t<div class=\"elementor-element elementor-element-d045b2c elementor-widget elementor-widget-text-editor\" data-id=\"d045b2c\" data-element_type=\"widget\" data-e-type=\"widget\" data-widget_type=\"text-editor.default\">\n\t\t\t\t<div class=\"elementor-widget-container\">\n\t\t\t\t\t\t\t\t\t<p><\/p>\n<h2 style=\"text-align: center;\">St. Hubertus Sch\u00fctzenbruderschaft Fischenich 1931 e. V.<\/h2>\n<p><img fetchpriority=\"high\" decoding=\"async\" class=\"size-large wp-image-247 aligncenter\" src=\"https:\/\/cloud.suytings.de\/wordpress\/wp-content\/uploads\/2022\/09\/Schuetzenheim-1024x473.png\" alt=\"\" width=\"1024\" height=\"473\" srcset=\"https:\/\/www.fischenicher-schuetzen.de\/wp-content\/uploads\/2022\/09\/Schuetzenheim-1024x473.png 1024w, https:\/\/www.fischenicher-schuetzen.de\/wp-content\/uploads\/2022\/09\/Schuetzenheim-300x138.png 300w, https:\/\/www.fischenicher-schuetzen.de\/wp-content\/uploads\/2022\/09\/Schuetzenheim-768x354.png 768w, https:\/\/www.fischenicher-schuetzen.de\/wp-content\/uploads\/2022\/09\/Schuetzenheim-1536x709.png 1536w, https:\/\/www.fischenicher-schuetzen.de\/wp-content\/uploads\/2022\/09\/Schuetzenheim-2048x945.png 2048w, https:\/\/www.fischenicher-schuetzen.de\/wp-content\/uploads\/2022\/09\/Schuetzenheim-750x346.png 750w\" sizes=\"(max-width: 1024px) 100vw, 1024px\" \/><\/p>\n<p>Die<b> Sch\u00fctzenbruderschaft Fischenich<\/b><span style=\"font-weight: normal;\"> existiert seit 1931 und konzentriert sich nicht nur auf den Schie\u00dfsport, sondern auch auf Brauchtumspflege.<br>Dieses wird durch das Motto der Sch\u00fctzen <\/span><b>&#8222;Glaube, Sitte, Heimat&#8220;<\/b><span style=\"font-weight: normal;\"> und den Besuch ausw\u00e4rtiger Sch\u00fctzenvereine ausge\u00fcbt.<\/span><\/p>\n<p><span style=\"font-weight: normal;\">Wir <\/span><b>trainieren<\/b><span style=\"font-weight: normal;\"> nach <\/span><b>Absprache montags<\/b><span style=\"font-weight: normal;\"> und <\/span><b>regelm\u00e4\u00dfig freitags ab 17:30 Uhr<\/b><span style=\"font-weight: normal;\"> in unserem Sch\u00fctzenheim auf der Gennerstra\u00dfe 27A in 50354 H\u00fcrth.<\/span><\/p>\n<p><span style=\"font-weight: normal;\">Durch <\/span><b>lasergesch\u00fctztes Schie\u00dfen<\/b><span style=\"font-weight: normal;\"> kann&nbsp;jeder \u2013 von jung bis alt \u2013 bei uns schie\u00dfen lernen. <br>G\u00e4ste sind herzlich eingeladen und gerne willkommen.<br><\/span><\/p>\n<p><span style=\"font-weight: normal;\">Nach dem Training beginnt das gem\u00fctliche Zusammensein mit Getr\u00e4nken, Essen und Gespr\u00e4chen.<\/span><\/p>\n<p><\/p>\n<h3><strong>\u00dcber Deinen Besuch freuen wir uns sehr!<\/strong><\/h3>\n<p><\/p>\n<p><\/p>\n<p><\/p>\n<p><\/p>\n<p><\/p>\n<p><\/p>\n<p><\/p>\n<p><\/p>\n<p><\/p>\n<p><\/p>\n<p><\/p>\t\t\t\t\t\t\t\t<\/div>\n\t\t\t\t<\/div>\n\t\t\t\t\t<\/div>\n\t\t<\/div>\n\t\t\t\t\t<\/div>\n\t\t<\/section>\n\t\t\t\t<\/div>\n\t\t","protected":false},"excerpt":{"rendered":"<p>St. Hubertus Sch\u00fctzenbruderschaft Fischenich 1931 e. V. Die Sch\u00fctzenbruderschaft Fischenich existiert seit 1931 und konzentriert sich nicht nur auf den Schie\u00dfsport, sondern auch auf Brauchtumspflege.Dieses wird durch das Motto der Sch\u00fctzen &#8222;Glaube, Sitte, Heimat&#8220; und den Besuch ausw\u00e4rtiger Sch\u00fctzenvereine ausge\u00fcbt. Wir trainieren nach Absprache montags und regelm\u00e4\u00dfig freitags ab 17:30 Uhr in unserem Sch\u00fctzenheim auf&hellip;&nbsp;<a href=\"https:\/\/www.fischenicher-schuetzen.de\/\" rel=\"bookmark\">Weiterlesen &raquo;<span class=\"screen-reader-text\">Willkommen<\/span><\/a><\/p>\n","protected":false},"author":18,"featured_media":0,"parent":0,"menu_order":0,"comment_status":"closed","ping_status":"closed","template":"page-templates\/template-pagebuilder-full-width.php","meta":{"neve_meta_sidebar":"","neve_meta_container":"full-width","neve_meta_enable_content_width":"off","neve_meta_content_width":100,"neve_meta_title_alignment":"","neve_meta_author_avatar":"","neve_post_elements_order":"","neve_meta_disable_header":"","neve_meta_disable_footer":"","neve_meta_disable_title":"on","footnotes":""},"class_list":["post-149","page","type-page","status-publish","hentry"],"_links":{"self":[{"href":"https:\/\/www.fischenicher-schuetzen.de\/index.php?rest_route=\/wp\/v2\/pages\/149","targetHints":{"allow":["GET"]}}],"collection":[{"href":"https:\/\/www.fischenicher-schuetzen.de\/index.php?rest_route=\/wp\/v2\/pages"}],"about":[{"href":"https:\/\/www.fischenicher-schuetzen.de\/index.php?rest_route=\/wp\/v2\/types\/page"}],"author":[{"embeddable":true,"href":"https:\/\/www.fischenicher-schuetzen.de\/index.php?rest_route=\/wp\/v2\/users\/18"}],"replies":[{"embeddable":true,"href":"https:\/\/www.fischenicher-schuetzen.de\/index.php?rest_route=%2Fwp%2Fv2%2Fcomments&post=149"}],"version-history":[{"count":17,"href":"https:\/\/www.fischenicher-schuetzen.de\/index.php?rest_route=\/wp\/v2\/pages\/149\/revisions"}],"predecessor-version":[{"id":43141,"href":"https:\/\/www.fischenicher-schuetzen.de\/index.php?rest_route=\/wp\/v2\/pages\/149\/revisions\/43141"}],"wp:attachment":[{"href":"https:\/\/www.fischenicher-schuetzen.de\/index.php?rest_route=%2Fwp%2Fv2%2Fmedia&parent=149"}],"curies":[{"name":"wp","href":"https:\/\/api.w.org\/{rel}","templated":true}]}}