{"id":23,"date":"2022-09-04T15:23:40","date_gmt":"2022-09-04T13:23:40","guid":{"rendered":"https:\/\/192.168.178.24\/wordpress\/?page_id=23"},"modified":"2026-01-29T17:26:08","modified_gmt":"2026-01-29T16:26:08","slug":"koenig-der-koenige","status":"publish","type":"page","link":"https:\/\/www.fischenicher-schuetzen.de\/?page_id=23","title":{"rendered":"K\u00f6nig der K\u00f6nige"},"content":{"rendered":"\t\t<div data-elementor-type=\"wp-page\" data-elementor-id=\"23\" class=\"elementor elementor-23\">\n\t\t\t\t\t\t<section class=\"elementor-section elementor-top-section elementor-element elementor-element-457bf89 elementor-section-boxed elementor-section-height-default elementor-section-height-default\" data-id=\"457bf89\" data-element_type=\"section\" data-e-type=\"section\">\n\t\t\t\t\t\t<div class=\"elementor-container elementor-column-gap-default\">\n\t\t\t\t\t<div class=\"elementor-column elementor-col-100 elementor-top-column elementor-element elementor-element-3a1f430\" data-id=\"3a1f430\" data-element_type=\"column\" data-e-type=\"column\">\n\t\t\t<div class=\"elementor-widget-wrap elementor-element-populated\">\n\t\t\t\t\t\t<div class=\"elementor-element elementor-element-612431f elementor-widget elementor-widget-heading\" data-id=\"612431f\" data-element_type=\"widget\" data-e-type=\"widget\" data-widget_type=\"heading.default\">\n\t\t\t\t<div class=\"elementor-widget-container\">\n\t\t\t\t\t<h2 class=\"elementor-heading-title elementor-size-default\">Aktueller K\u00f6nig der K\u00f6nige<\/h2>\t\t\t\t<\/div>\n\t\t\t\t<\/div>\n\t\t\t\t\t<\/div>\n\t\t<\/div>\n\t\t\t\t\t<\/div>\n\t\t<\/section>\n\t\t\t\t<section class=\"elementor-section elementor-top-section elementor-element elementor-element-7502c97 elementor-section-boxed elementor-section-height-default elementor-section-height-default\" data-id=\"7502c97\" data-element_type=\"section\" data-e-type=\"section\">\n\t\t\t\t\t\t<div class=\"elementor-container elementor-column-gap-default\">\n\t\t\t\t\t<div class=\"elementor-column elementor-col-100 elementor-top-column elementor-element elementor-element-a06f949\" data-id=\"a06f949\" data-element_type=\"column\" data-e-type=\"column\">\n\t\t\t<div class=\"elementor-widget-wrap elementor-element-populated\">\n\t\t\t\t\t\t<div class=\"elementor-element elementor-element-e5d8613 elementor-widget elementor-widget-image\" data-id=\"e5d8613\" data-element_type=\"widget\" data-e-type=\"widget\" data-widget_type=\"image.default\">\n\t\t\t\t<div class=\"elementor-widget-container\">\n\t\t\t\t\t\t\t\t\t\t\t\t\t\t\t<img fetchpriority=\"high\" decoding=\"async\" width=\"300\" height=\"300\" src=\"https:\/\/www.fischenicher-schuetzen.de\/wp-content\/uploads\/2022\/09\/user-g1c5137ef7_1920-300x300.png\" class=\"attachment-medium size-medium wp-image-300\" alt=\"\" srcset=\"https:\/\/www.fischenicher-schuetzen.de\/wp-content\/uploads\/2022\/09\/user-g1c5137ef7_1920-300x300.png 300w, https:\/\/www.fischenicher-schuetzen.de\/wp-content\/uploads\/2022\/09\/user-g1c5137ef7_1920-1024x1024.png 1024w, https:\/\/www.fischenicher-schuetzen.de\/wp-content\/uploads\/2022\/09\/user-g1c5137ef7_1920-150x150.png 150w, https:\/\/www.fischenicher-schuetzen.de\/wp-content\/uploads\/2022\/09\/user-g1c5137ef7_1920-768x768.png 768w, https:\/\/www.fischenicher-schuetzen.de\/wp-content\/uploads\/2022\/09\/user-g1c5137ef7_1920-1536x1536.png 1536w, https:\/\/www.fischenicher-schuetzen.de\/wp-content\/uploads\/2022\/09\/user-g1c5137ef7_1920-750x750.png 750w, https:\/\/www.fischenicher-schuetzen.de\/wp-content\/uploads\/2022\/09\/user-g1c5137ef7_1920.png 1920w\" sizes=\"(max-width: 300px) 100vw, 300px\" \/>\t\t\t\t\t\t\t\t\t\t\t\t\t\t\t<\/div>\n\t\t\t\t<\/div>\n\t\t\t\t\t<\/div>\n\t\t<\/div>\n\t\t\t\t\t<\/div>\n\t\t<\/section>\n\t\t\t\t<section class=\"elementor-section elementor-top-section elementor-element elementor-element-3e58c56 elementor-section-boxed elementor-section-height-default elementor-section-height-default\" data-id=\"3e58c56\" data-element_type=\"section\" data-e-type=\"section\">\n\t\t\t\t\t\t<div class=\"elementor-container elementor-column-gap-default\">\n\t\t\t\t\t<div class=\"elementor-column elementor-col-100 elementor-top-column elementor-element elementor-element-036cfbc\" data-id=\"036cfbc\" data-element_type=\"column\" data-e-type=\"column\">\n\t\t\t<div class=\"elementor-widget-wrap elementor-element-populated\">\n\t\t\t\t\t\t<div class=\"elementor-element elementor-element-aa0aa6a elementor-widget elementor-widget-heading\" data-id=\"aa0aa6a\" data-element_type=\"widget\" data-e-type=\"widget\" data-widget_type=\"heading.default\">\n\t\t\t\t<div class=\"elementor-widget-container\">\n\t\t\t\t\t<h3 class=\"elementor-heading-title elementor-size-default\">Peter G\u00f6bel<\/h3>\t\t\t\t<\/div>\n\t\t\t\t<\/div>\n\t\t\t\t\t<\/div>\n\t\t<\/div>\n\t\t\t\t\t<\/div>\n\t\t<\/section>\n\t\t\t\t<section class=\"elementor-section elementor-top-section elementor-element elementor-element-4c2e3fc9 elementor-section-boxed elementor-section-height-default elementor-section-height-default\" data-id=\"4c2e3fc9\" data-element_type=\"section\" data-e-type=\"section\">\n\t\t\t\t\t\t<div class=\"elementor-container elementor-column-gap-default\">\n\t\t\t\t\t<div class=\"elementor-column elementor-col-100 elementor-top-column elementor-element elementor-element-3917a7b3\" data-id=\"3917a7b3\" data-element_type=\"column\" data-e-type=\"column\">\n\t\t\t<div class=\"elementor-widget-wrap elementor-element-populated\">\n\t\t\t\t\t\t<div class=\"elementor-element elementor-element-47efd0c6 elementor-widget elementor-widget-text-editor\" data-id=\"47efd0c6\" data-element_type=\"widget\" data-e-type=\"widget\" data-widget_type=\"text-editor.default\">\n\t\t\t\t<div class=\"elementor-widget-container\">\n\t\t\t\t\t\t\t\t\t<h3><strong>K\u00f6nig der K\u00f6nige seit 1997<\/strong><\/h3>\n<p><!-- \/wp:paragraph --><\/p>\n<p><!-- wp:table {\"className\":\"is-style-stripes\"} --><\/p>\n<figure id=\"tablepress-1\" class=\"wp-block-table is-style-stripes\">\n<table>\n<tbody>\n<tr>\n<td>2022<\/td>\n<td>Karl-Josef Hemmerlein<\/td>\n<\/tr>\n<tr>\n<td>2020 &#8211; 2021<\/td>\n<td>Wegen Corona entfallen<\/td>\n<\/tr>\n<tr>\n<td>2019<\/td>\n<td>Ralf Harmuth<\/td>\n<\/tr>\n<tr>\n<td>2018<\/td>\n<td>Hans-Josef Klug<\/td>\n<\/tr>\n<tr>\n<td>2017<\/td>\n<td>Detlef Kalteier<\/td>\n<\/tr>\n<tr>\n<td>2016<\/td>\n<td>Karl Josef Hemmerlein<\/td>\n<\/tr>\n<tr>\n<td>2015<\/td>\n<td>Michael Klug<\/td>\n<\/tr>\n<tr>\n<td>2014<\/td>\n<td>Detlef Kalteier<\/td>\n<\/tr>\n<tr>\n<td>2013<\/td>\n<td>Friedel Scholl<\/td>\n<\/tr>\n<tr>\n<td>2012<\/td>\n<td>Karl Josef Hemmerlein<\/td>\n<\/tr>\n<tr>\n<td>2011<\/td>\n<td>Willi Lotter<\/td>\n<\/tr>\n<tr>\n<td>2010<\/td>\n<td>Ruland Peter<\/td>\n<\/tr>\n<tr>\n<td>2009<\/td>\n<td>Friedel Scholl<\/td>\n<\/tr>\n<tr>\n<td>2008<\/td>\n<td>Peter G\u00f6bel<\/td>\n<\/tr>\n<tr>\n<td>2007<\/td>\n<td>Hans Willi Derigs<\/td>\n<\/tr>\n<tr>\n<td>2006<\/td>\n<td>Hans Pohl<\/td>\n<\/tr>\n<tr>\n<td>2005<\/td>\n<td>Willi Meerkamp<\/td>\n<\/tr>\n<tr>\n<td>2004<\/td>\n<td>Theo Schwarz<\/td>\n<\/tr>\n<tr>\n<td>2003<\/td>\n<td>Willi Meerkamp<\/td>\n<\/tr>\n<tr>\n<td>2002<\/td>\n<td>Peter Ruland<\/td>\n<\/tr>\n<tr>\n<td>2001<\/td>\n<td>Hans Willi Derigs<\/td>\n<\/tr>\n<tr>\n<td>2000<\/td>\n<td>Detlef Kalteier<\/td>\n<\/tr>\n<tr>\n<td>1999<\/td>\n<td>Hans Kunz<\/td>\n<\/tr>\n<tr>\n<td>1998<\/td>\n<td>Peter G\u00f6bel<\/td>\n<\/tr>\n<tr>\n<td>1997<\/td>\n<td>Hans Willi Derigs<\/td>\n<\/tr>\n<\/tbody>\n<\/table>\n<\/figure>\n<p><!-- \/wp:table --><\/p>\t\t\t\t\t\t\t\t<\/div>\n\t\t\t\t<\/div>\n\t\t\t\t\t<\/div>\n\t\t<\/div>\n\t\t\t\t\t<\/div>\n\t\t<\/section>\n\t\t\t\t<\/div>\n\t\t","protected":false},"excerpt":{"rendered":"<p>Aktueller K\u00f6nig der K\u00f6nige Peter G\u00f6bel K\u00f6nig der K\u00f6nige seit 1997 2022 Karl-Josef Hemmerlein 2020 &#8211; 2021 Wegen Corona entfallen 2019 Ralf Harmuth 2018 Hans-Josef Klug 2017 Detlef Kalteier 2016 Karl Josef Hemmerlein 2015 Michael Klug 2014 Detlef Kalteier 2013 Friedel Scholl 2012 Karl Josef Hemmerlein 2011 Willi Lotter 2010 Ruland Peter 2009 Friedel Scholl&hellip;&nbsp;<a href=\"https:\/\/www.fischenicher-schuetzen.de\/?page_id=23\" rel=\"bookmark\">Weiterlesen &raquo;<span class=\"screen-reader-text\">K\u00f6nig der K\u00f6nige<\/span><\/a><\/p>\n","protected":false},"author":18,"featured_media":0,"parent":0,"menu_order":0,"comment_status":"closed","ping_status":"closed","template":"","meta":{"neve_meta_sidebar":"","neve_meta_container":"","neve_meta_enable_content_width":"off","neve_meta_content_width":100,"neve_meta_title_alignment":"","neve_meta_author_avatar":"","neve_post_elements_order":"","neve_meta_disable_header":"","neve_meta_disable_footer":"","neve_meta_disable_title":"","footnotes":""},"class_list":["post-23","page","type-page","status-publish","hentry"],"_links":{"self":[{"href":"https:\/\/www.fischenicher-schuetzen.de\/index.php?rest_route=\/wp\/v2\/pages\/23","targetHints":{"allow":["GET"]}}],"collection":[{"href":"https:\/\/www.fischenicher-schuetzen.de\/index.php?rest_route=\/wp\/v2\/pages"}],"about":[{"href":"https:\/\/www.fischenicher-schuetzen.de\/index.php?rest_route=\/wp\/v2\/types\/page"}],"author":[{"embeddable":true,"href":"https:\/\/www.fischenicher-schuetzen.de\/index.php?rest_route=\/wp\/v2\/users\/18"}],"replies":[{"embeddable":true,"href":"https:\/\/www.fischenicher-schuetzen.de\/index.php?rest_route=%2Fwp%2Fv2%2Fcomments&post=23"}],"version-history":[{"count":26,"href":"https:\/\/www.fischenicher-schuetzen.de\/index.php?rest_route=\/wp\/v2\/pages\/23\/revisions"}],"predecessor-version":[{"id":43183,"href":"https:\/\/www.fischenicher-schuetzen.de\/index.php?rest_route=\/wp\/v2\/pages\/23\/revisions\/43183"}],"wp:attachment":[{"href":"https:\/\/www.fischenicher-schuetzen.de\/index.php?rest_route=%2Fwp%2Fv2%2Fmedia&parent=23"}],"curies":[{"name":"wp","href":"https:\/\/api.w.org\/{rel}","templated":true}]}}