{"id":42401,"date":"2022-09-04T15:23:40","date_gmt":"2022-09-04T13:23:40","guid":{"rendered":"https:\/\/192.168.178.24\/wordpress\/?page_id=24"},"modified":"2023-02-16T17:59:23","modified_gmt":"2023-02-16T16:59:23","slug":"buergerkoenig","status":"publish","type":"page","link":"https:\/\/www.fischenicher-schuetzen.de\/?page_id=42401","title":{"rendered":"B\u00fcrgerk\u00f6nig\/ -k\u00f6nigin"},"content":{"rendered":"\t\t<div data-elementor-type=\"wp-page\" data-elementor-id=\"42401\" class=\"elementor elementor-42401\">\n\t\t\t\t\t\t<section class=\"elementor-section elementor-top-section elementor-element elementor-element-5d5ed1f7 elementor-section-boxed elementor-section-height-default elementor-section-height-default\" data-id=\"5d5ed1f7\" data-element_type=\"section\" data-e-type=\"section\">\n\t\t\t\t\t\t<div class=\"elementor-container elementor-column-gap-default\">\n\t\t\t\t\t<div class=\"elementor-column elementor-col-100 elementor-top-column elementor-element elementor-element-6d524850\" data-id=\"6d524850\" data-element_type=\"column\" data-e-type=\"column\">\n\t\t\t<div class=\"elementor-widget-wrap elementor-element-populated\">\n\t\t\t\t\t\t<div class=\"elementor-element elementor-element-5f79b0be elementor-widget elementor-widget-text-editor\" data-id=\"5f79b0be\" data-element_type=\"widget\" data-e-type=\"widget\" data-widget_type=\"text-editor.default\">\n\t\t\t\t<div class=\"elementor-widget-container\">\n\t\t\t\t\t\t\t\t\t<p><\/p>\n<h3><strong>B\u00fcrgerk\u00f6nig\/ -k\u00f6nigin seit<\/strong><strong style=\"font-family: var(--headingsfontfamily),var(--nv-fallback-ff); font-size: var(--h3fontsize); letter-spacing: var(--h3letterspacing); text-transform: var(--h3texttransform); color: var( --e-global-color-text ); background-color: var(--nv-site-bg);\">&nbsp;1967<\/strong><\/h3>\n<p><\/p>\n<p><\/p>\n<figure id=\"tablepress-6\" class=\"wp-block-table is-style-stripes\">\n<table>\n<tbody>\n<tr>\n<td>2022<\/td>\n<td>Waltraut Maier<\/td>\n<\/tr>\n<tr>\n<td>2020 &#8211; 2021&nbsp;<\/td>\n<td>Wegen Corona entfallen<\/td>\n<\/tr>\n<tr>\n<td>2019<\/td>\n<td>Andrea Langen<\/td>\n<\/tr>\n<tr>\n<td>2018<\/td>\n<td>Peter Zimmer<\/td>\n<\/tr>\n<tr>\n<td>2017<\/td>\n<td>Anke Ohl<\/td>\n<\/tr>\n<tr>\n<td>2016<\/td>\n<td>Heinz Ohlrogge<\/td>\n<\/tr>\n<tr>\n<td>2015<\/td>\n<td>Klemens Wicke<\/td>\n<\/tr>\n<tr>\n<td>2014<\/td>\n<td>Nicole Kalteier<\/td>\n<\/tr>\n<tr>\n<td>2013<\/td>\n<td>Heinz Ohlrogge<\/td>\n<\/tr>\n<tr>\n<td>2012<\/td>\n<td>G\u00fcnther Brockerhoff<\/td>\n<\/tr>\n<tr>\n<td>2011<\/td>\n<td>Willi Baumhardt<\/td>\n<\/tr>\n<tr>\n<td>2010<\/td>\n<td>Susanne Schneider<\/td>\n<\/tr>\n<tr>\n<td>2009<\/td>\n<td>Andreas Rode<\/td>\n<\/tr>\n<tr>\n<td>2008<\/td>\n<td>Thorsten Sester<\/td>\n<\/tr>\n<tr>\n<td>2007<\/td>\n<td>K\u00e4the M\u00f6rsch<\/td>\n<\/tr>\n<tr>\n<td>2005<\/td>\n<td>Rudi B\u00f6hmer<\/td>\n<\/tr>\n<tr>\n<td>2004<\/td>\n<td>Friedel Scholl<\/td>\n<\/tr>\n<tr>\n<td>2003<\/td>\n<td>Harry Wensky<\/td>\n<\/tr>\n<tr>\n<td>2002<\/td>\n<td>Evi Henz<\/td>\n<\/tr>\n<tr>\n<td>2001<\/td>\n<td>Rudolf Zylajev<\/td>\n<\/tr>\n<tr>\n<td>2000<\/td>\n<td>Patrick Hansen<\/td>\n<\/tr>\n<tr>\n<td>1999<\/td>\n<td>Peter Nagel<\/td>\n<\/tr>\n<tr>\n<td>1997<\/td>\n<td>Helmut Gippert<\/td>\n<\/tr>\n<tr>\n<td>1996<\/td>\n<td>Michael Pfeiffer<\/td>\n<\/tr>\n<tr>\n<td>1995<\/td>\n<td>Rudi Nitsche<\/td>\n<\/tr>\n<tr>\n<td>1994<\/td>\n<td>Bruno Blank<\/td>\n<\/tr>\n<tr>\n<td>1993<\/td>\n<td>Matthias Ruth<\/td>\n<\/tr>\n<tr>\n<td>1992<\/td>\n<td>Wolfgang Pfaffenberger<\/td>\n<\/tr>\n<tr>\n<td>1991<\/td>\n<td>Matthias Erken<\/td>\n<\/tr>\n<tr>\n<td>1990<\/td>\n<td>Josef Hicke<\/td>\n<\/tr>\n<tr>\n<td>1989<\/td>\n<td>Julius Lacza<\/td>\n<\/tr>\n<tr>\n<td>1988<\/td>\n<td>Hans Kunz<\/td>\n<\/tr>\n<tr>\n<td>1987<\/td>\n<td>Peter Bochem<\/td>\n<\/tr>\n<tr>\n<td>1986<\/td>\n<td>Matthias Ruth<\/td>\n<\/tr>\n<tr>\n<td>1985<\/td>\n<td>Josef Berges<\/td>\n<\/tr>\n<tr>\n<td>1984<\/td>\n<td>Matthias Ruth<\/td>\n<\/tr>\n<tr>\n<td>1983<\/td>\n<td>Willi Vieren<\/td>\n<\/tr>\n<tr>\n<td>1982<\/td>\n<td>Theo Schwarz<\/td>\n<\/tr>\n<tr>\n<td>1981<\/td>\n<td>Erwin St\u00f6cker<\/td>\n<\/tr>\n<tr>\n<td>1980<\/td>\n<td>Friedel Vogel<\/td>\n<\/tr>\n<tr>\n<td>1979<\/td>\n<td>Fred Besener<\/td>\n<\/tr>\n<tr>\n<td>1978<\/td>\n<td>Volker Oebels<\/td>\n<\/tr>\n<tr>\n<td>1977<\/td>\n<td>Johann Grzesiak<\/td>\n<\/tr>\n<tr>\n<td>1976<\/td>\n<td>Josef K\u00f6nigsfeld<\/td>\n<\/tr>\n<tr>\n<td>1975<\/td>\n<td>Edmand Echternach<\/td>\n<\/tr>\n<tr>\n<td>1974<\/td>\n<td>Hans Wingerath<\/td>\n<\/tr>\n<tr>\n<td>1973<\/td>\n<td>Willi Buschheuer<\/td>\n<\/tr>\n<tr>\n<td>1972<\/td>\n<td>Albert Werel<\/td>\n<\/tr>\n<tr>\n<td>1971<\/td>\n<td>Dieter Depler<\/td>\n<\/tr>\n<tr>\n<td>1970<\/td>\n<td>Peter Linnartz<\/td>\n<\/tr>\n<tr>\n<td>1969<\/td>\n<td>Matthias Segschneider<\/td>\n<\/tr>\n<tr>\n<td>1968<\/td>\n<td>Winfred Bosch<\/td>\n<\/tr>\n<tr>\n<td>1967<\/td>\n<td>Johannes Kr\u00e4mer<\/td>\n<\/tr>\n<\/tbody>\n<\/table>\n<\/figure>\n<p><\/p>\t\t\t\t\t\t\t\t<\/div>\n\t\t\t\t<\/div>\n\t\t\t\t\t<\/div>\n\t\t<\/div>\n\t\t\t\t\t<\/div>\n\t\t<\/section>\n\t\t\t\t<\/div>\n\t\t","protected":false},"excerpt":{"rendered":"<p>B\u00fcrgerk\u00f6nig\/ -k\u00f6nigin seit&nbsp;1967 2022 Waltraut Maier 2020 &#8211; 2021&nbsp; Wegen Corona entfallen 2019 Andrea Langen 2018 Peter Zimmer 2017 Anke Ohl 2016 Heinz Ohlrogge 2015 Klemens Wicke 2014 Nicole Kalteier 2013 Heinz Ohlrogge 2012 G\u00fcnther Brockerhoff 2011 Willi Baumhardt 2010 Susanne Schneider 2009 Andreas Rode 2008 Thorsten Sester 2007 K\u00e4the M\u00f6rsch 2005 Rudi B\u00f6hmer 2004&hellip;&nbsp;<a href=\"https:\/\/www.fischenicher-schuetzen.de\/?page_id=42401\" rel=\"bookmark\">Weiterlesen &raquo;<span class=\"screen-reader-text\">B\u00fcrgerk\u00f6nig\/ -k\u00f6nigin<\/span><\/a><\/p>\n","protected":false},"author":18,"featured_media":0,"parent":0,"menu_order":0,"comment_status":"closed","ping_status":"closed","template":"","meta":{"neve_meta_sidebar":"","neve_meta_container":"","neve_meta_enable_content_width":"off","neve_meta_content_width":100,"neve_meta_title_alignment":"","neve_meta_author_avatar":"","neve_post_elements_order":"","neve_meta_disable_header":"","neve_meta_disable_footer":"","neve_meta_disable_title":"","footnotes":""},"class_list":["post-42401","page","type-page","status-publish","hentry"],"_links":{"self":[{"href":"https:\/\/www.fischenicher-schuetzen.de\/index.php?rest_route=\/wp\/v2\/pages\/42401","targetHints":{"allow":["GET"]}}],"collection":[{"href":"https:\/\/www.fischenicher-schuetzen.de\/index.php?rest_route=\/wp\/v2\/pages"}],"about":[{"href":"https:\/\/www.fischenicher-schuetzen.de\/index.php?rest_route=\/wp\/v2\/types\/page"}],"author":[{"embeddable":true,"href":"https:\/\/www.fischenicher-schuetzen.de\/index.php?rest_route=\/wp\/v2\/users\/18"}],"replies":[{"embeddable":true,"href":"https:\/\/www.fischenicher-schuetzen.de\/index.php?rest_route=%2Fwp%2Fv2%2Fcomments&post=42401"}],"version-history":[{"count":7,"href":"https:\/\/www.fischenicher-schuetzen.de\/index.php?rest_route=\/wp\/v2\/pages\/42401\/revisions"}],"predecessor-version":[{"id":42905,"href":"https:\/\/www.fischenicher-schuetzen.de\/index.php?rest_route=\/wp\/v2\/pages\/42401\/revisions\/42905"}],"wp:attachment":[{"href":"https:\/\/www.fischenicher-schuetzen.de\/index.php?rest_route=%2Fwp%2Fv2%2Fmedia&parent=42401"}],"curies":[{"name":"wp","href":"https:\/\/api.w.org\/{rel}","templated":true}]}}