{"id":42403,"date":"2022-09-04T15:23:41","date_gmt":"2022-09-04T13:23:41","guid":{"rendered":"https:\/\/192.168.178.24\/wordpress\/?page_id=34"},"modified":"2023-02-16T17:46:56","modified_gmt":"2023-02-16T16:46:56","slug":"sponsoren-2","status":"publish","type":"page","link":"https:\/\/www.fischenicher-schuetzen.de\/?page_id=42403","title":{"rendered":"Sponsoren"},"content":{"rendered":"\t\t<div data-elementor-type=\"wp-page\" data-elementor-id=\"42403\" class=\"elementor elementor-42403\">\n\t\t\t\t\t\t<section class=\"elementor-section elementor-top-section elementor-element elementor-element-bbfb553 elementor-section-boxed elementor-section-height-default elementor-section-height-default\" data-id=\"bbfb553\" data-element_type=\"section\" data-e-type=\"section\">\n\t\t\t\t\t\t<div class=\"elementor-container elementor-column-gap-default\">\n\t\t\t\t\t<div class=\"elementor-column elementor-col-100 elementor-top-column elementor-element elementor-element-fa2f5d4\" data-id=\"fa2f5d4\" data-element_type=\"column\" data-e-type=\"column\">\n\t\t\t<div class=\"elementor-widget-wrap elementor-element-populated\">\n\t\t\t\t\t\t<div class=\"elementor-element elementor-element-e610e34 elementor-widget elementor-widget-heading\" data-id=\"e610e34\" data-element_type=\"widget\" data-e-type=\"widget\" data-widget_type=\"heading.default\">\n\t\t\t\t<div class=\"elementor-widget-container\">\n\t\t\t\t\t<h3 class=\"elementor-heading-title elementor-size-default\">Wir bedanken uns ganz herzlich bei den folgenden Sponsoren<\/h3>\t\t\t\t<\/div>\n\t\t\t\t<\/div>\n\t\t\t\t\t<\/div>\n\t\t<\/div>\n\t\t\t\t\t<\/div>\n\t\t<\/section>\n\t\t\t\t<section class=\"elementor-section elementor-top-section elementor-element elementor-element-99a04f1 elementor-section-boxed elementor-section-height-default elementor-section-height-default\" data-id=\"99a04f1\" data-element_type=\"section\" data-e-type=\"section\">\n\t\t\t\t\t\t<div class=\"elementor-container elementor-column-gap-default\">\n\t\t\t\t\t<div class=\"elementor-column elementor-col-100 elementor-top-column elementor-element elementor-element-7ca436b\" data-id=\"7ca436b\" data-element_type=\"column\" data-e-type=\"column\">\n\t\t\t<div class=\"elementor-widget-wrap elementor-element-populated\">\n\t\t\t\t\t\t<div class=\"elementor-element elementor-element-959f052 elementor-widget elementor-widget-spacer\" data-id=\"959f052\" data-element_type=\"widget\" data-e-type=\"widget\" data-widget_type=\"spacer.default\">\n\t\t\t\t<div class=\"elementor-widget-container\">\n\t\t\t\t\t\t\t<div class=\"elementor-spacer\">\n\t\t\t<div class=\"elementor-spacer-inner\"><\/div>\n\t\t<\/div>\n\t\t\t\t\t\t<\/div>\n\t\t\t\t<\/div>\n\t\t\t\t\t<\/div>\n\t\t<\/div>\n\t\t\t\t\t<\/div>\n\t\t<\/section>\n\t\t\t\t<section class=\"elementor-section elementor-top-section elementor-element elementor-element-78018aa elementor-section-boxed elementor-section-height-default elementor-section-height-default\" data-id=\"78018aa\" data-element_type=\"section\" data-e-type=\"section\">\n\t\t\t\t\t\t<div class=\"elementor-container elementor-column-gap-default\">\n\t\t\t\t\t<div class=\"elementor-column elementor-col-33 elementor-top-column elementor-element elementor-element-bfe2205\" data-id=\"bfe2205\" data-element_type=\"column\" data-e-type=\"column\">\n\t\t\t<div class=\"elementor-widget-wrap elementor-element-populated\">\n\t\t\t\t\t\t<div class=\"elementor-element elementor-element-2aeccf0 elementor-widget elementor-widget-image\" data-id=\"2aeccf0\" data-element_type=\"widget\" data-e-type=\"widget\" data-widget_type=\"image.default\">\n\t\t\t\t<div class=\"elementor-widget-container\">\n\t\t\t\t\t\t\t\t\t\t\t\t\t\t\t\t<a href=\"http:\/\/www.raiba-fkh.de\/\">\n\t\t\t\t\t\t\t<img decoding=\"async\" width=\"150\" height=\"150\" src=\"https:\/\/www.fischenicher-schuetzen.de\/wp-content\/uploads\/2022\/09\/608px-Volksbank_Logo.svg_-150x150.png\" class=\"attachment-thumbnail size-thumbnail wp-image-383\" alt=\"\" \/>\t\t\t\t\t\t\t\t<\/a>\n\t\t\t\t\t\t\t\t\t\t\t\t\t\t\t<\/div>\n\t\t\t\t<\/div>\n\t\t\t\t\t<\/div>\n\t\t<\/div>\n\t\t\t\t<div class=\"elementor-column elementor-col-33 elementor-top-column elementor-element elementor-element-ea45199\" data-id=\"ea45199\" data-element_type=\"column\" data-e-type=\"column\">\n\t\t\t<div class=\"elementor-widget-wrap elementor-element-populated\">\n\t\t\t\t\t\t<div class=\"elementor-element elementor-element-a19d9bd elementor-widget elementor-widget-text-editor\" data-id=\"a19d9bd\" data-element_type=\"widget\" data-e-type=\"widget\" data-widget_type=\"text-editor.default\">\n\t\t\t\t<div class=\"elementor-widget-container\">\n\t\t\t\t\t\t\t\t\t<p><strong style=\"letter-spacing: 0.1px;\">Raiffeisenbank Fischenich-Kendenich eG<\/strong><br style=\"letter-spacing: 0.1px;\" \/><span style=\"letter-spacing: 0.1px;\">Gennerstra\u00dfe 110-112<\/span><br style=\"letter-spacing: 0.1px;\" \/><span style=\"letter-spacing: 0.1px;\">50354 H\u00fcrth<\/span><br style=\"letter-spacing: 0.1px;\" \/><span style=\"letter-spacing: 0.1px;\">Tel.: 02233-942060<\/span><br style=\"letter-spacing: 0.1px;\" \/><span style=\"letter-spacing: 0.1px;\">Website:\u00a0<\/span><strong style=\"letter-spacing: 0.1px;\"><a style=\"--linkdeco: underline;\" href=\"http:\/\/www.raiba-fkh.de\/\" target=\"_blank\" rel=\"noreferrer noopener\" data-wplink-edit=\"true\">http:\/\/www.raiba-fkh.de<\/a><\/strong><\/p>\t\t\t\t\t\t\t\t<\/div>\n\t\t\t\t<\/div>\n\t\t\t\t\t<\/div>\n\t\t<\/div>\n\t\t\t\t<div class=\"elementor-column elementor-col-33 elementor-top-column elementor-element elementor-element-6467480\" data-id=\"6467480\" data-element_type=\"column\" data-e-type=\"column\">\n\t\t\t<div class=\"elementor-widget-wrap elementor-element-populated\">\n\t\t\t\t\t\t<div class=\"elementor-element elementor-element-364aa60 elementor-widget elementor-widget-text-editor\" data-id=\"364aa60\" data-element_type=\"widget\" data-e-type=\"widget\" data-widget_type=\"text-editor.default\">\n\t\t\t\t<div class=\"elementor-widget-container\">\n\t\t\t\t\t\t\t\t\t<p><span style=\"letter-spacing: 0.1px;\">Die\u00a0<\/span><strong style=\"letter-spacing: 0.1px;\">Raiffeisenbank Fischenich-Kendenich eG\u00a0<\/strong><span style=\"letter-spacing: 0.1px;\">stellte f\u00fcr &#8222;Projekt Erneuerung&#8220; ein kostenfreies Spendenkonto zur Verf\u00fcgung.<\/span><\/p>\t\t\t\t\t\t\t\t<\/div>\n\t\t\t\t<\/div>\n\t\t\t\t\t<\/div>\n\t\t<\/div>\n\t\t\t\t\t<\/div>\n\t\t<\/section>\n\t\t\t\t<section class=\"elementor-section elementor-top-section elementor-element elementor-element-c13df8a elementor-section-boxed elementor-section-height-default elementor-section-height-default\" data-id=\"c13df8a\" data-element_type=\"section\" data-e-type=\"section\">\n\t\t\t\t\t\t<div class=\"elementor-container elementor-column-gap-default\">\n\t\t\t\t\t<div class=\"elementor-column elementor-col-100 elementor-top-column elementor-element elementor-element-c37421d\" data-id=\"c37421d\" data-element_type=\"column\" data-e-type=\"column\">\n\t\t\t<div class=\"elementor-widget-wrap elementor-element-populated\">\n\t\t\t\t\t\t<div class=\"elementor-element elementor-element-b4e7e73 elementor-widget-divider--view-line elementor-widget elementor-widget-divider\" data-id=\"b4e7e73\" data-element_type=\"widget\" data-e-type=\"widget\" data-widget_type=\"divider.default\">\n\t\t\t\t<div class=\"elementor-widget-container\">\n\t\t\t\t\t\t\t<div class=\"elementor-divider\">\n\t\t\t<span class=\"elementor-divider-separator\">\n\t\t\t\t\t\t<\/span>\n\t\t<\/div>\n\t\t\t\t\t\t<\/div>\n\t\t\t\t<\/div>\n\t\t\t\t\t<\/div>\n\t\t<\/div>\n\t\t\t\t\t<\/div>\n\t\t<\/section>\n\t\t\t\t<section class=\"elementor-section elementor-top-section elementor-element elementor-element-0db1b7b elementor-section-boxed elementor-section-height-default elementor-section-height-default\" data-id=\"0db1b7b\" data-element_type=\"section\" data-e-type=\"section\">\n\t\t\t\t\t\t<div class=\"elementor-container elementor-column-gap-default\">\n\t\t\t\t\t<div class=\"elementor-column elementor-col-33 elementor-top-column elementor-element elementor-element-d62367d\" data-id=\"d62367d\" data-element_type=\"column\" data-e-type=\"column\">\n\t\t\t<div class=\"elementor-widget-wrap elementor-element-populated\">\n\t\t\t\t\t\t<div class=\"elementor-element elementor-element-2c8a006 elementor-widget elementor-widget-image\" data-id=\"2c8a006\" data-element_type=\"widget\" data-e-type=\"widget\" data-widget_type=\"image.default\">\n\t\t\t\t<div class=\"elementor-widget-container\">\n\t\t\t\t\t\t\t\t\t\t\t\t\t\t\t\t<a href=\"https:\/\/www.domhoefe.de\/\">\n\t\t\t\t\t\t\t<img decoding=\"async\" width=\"150\" height=\"142\" src=\"https:\/\/www.fischenicher-schuetzen.de\/wp-content\/uploads\/2023\/02\/logo_Domhoefe.png\" class=\"attachment-thumbnail size-thumbnail wp-image-42608\" alt=\"\" \/>\t\t\t\t\t\t\t\t<\/a>\n\t\t\t\t\t\t\t\t\t\t\t\t\t\t\t<\/div>\n\t\t\t\t<\/div>\n\t\t\t\t\t<\/div>\n\t\t<\/div>\n\t\t\t\t<div class=\"elementor-column elementor-col-33 elementor-top-column elementor-element elementor-element-5b023ac\" data-id=\"5b023ac\" data-element_type=\"column\" data-e-type=\"column\">\n\t\t\t<div class=\"elementor-widget-wrap elementor-element-populated\">\n\t\t\t\t\t\t<div class=\"elementor-element elementor-element-c90974b elementor-widget elementor-widget-text-editor\" data-id=\"c90974b\" data-element_type=\"widget\" data-e-type=\"widget\" data-widget_type=\"text-editor.default\">\n\t\t\t\t<div class=\"elementor-widget-container\">\n\t\t\t\t\t\t\t\t\t<p><strong>Domh\u00f6fe oHG<\/strong><br \/>Am Schildgen 16<br \/>50354 H\u00fcrth<br style=\"letter-spacing: 0.1px;\" \/><span style=\"letter-spacing: 0.1px;\">Tel.: 02233-9499437<\/span><br style=\"letter-spacing: 0.1px;\" \/><span style=\"letter-spacing: 0.1px;\">Website:\u00a0<\/span><strong style=\"letter-spacing: 0.1px;\"><a style=\"--linkdeco: underline;\" href=\"https:\/\/www.domhoefe.de\/\" target=\"_blank\" rel=\"noreferrer noopener\" data-wplink-edit=\"true\">https:\/\/www.domhoefe.de\/<\/a><\/strong><\/p>\t\t\t\t\t\t\t\t<\/div>\n\t\t\t\t<\/div>\n\t\t\t\t\t<\/div>\n\t\t<\/div>\n\t\t\t\t<div class=\"elementor-column elementor-col-33 elementor-top-column elementor-element elementor-element-82c3760\" data-id=\"82c3760\" data-element_type=\"column\" data-e-type=\"column\">\n\t\t\t<div class=\"elementor-widget-wrap elementor-element-populated\">\n\t\t\t\t\t\t<div class=\"elementor-element elementor-element-3906ea4 elementor-widget elementor-widget-text-editor\" data-id=\"3906ea4\" data-element_type=\"widget\" data-e-type=\"widget\" data-widget_type=\"text-editor.default\">\n\t\t\t\t<div class=\"elementor-widget-container\">\n\t\t\t\t\t\t\t\t\t<p>Genuss aus der Region.<br>Nachhaltiger regionaler Anbau.<br>Fachkompetenz vor Ort.<\/p>\t\t\t\t\t\t\t\t<\/div>\n\t\t\t\t<\/div>\n\t\t\t\t\t<\/div>\n\t\t<\/div>\n\t\t\t\t\t<\/div>\n\t\t<\/section>\n\t\t\t\t<section class=\"elementor-section elementor-top-section elementor-element elementor-element-d715abe elementor-section-boxed elementor-section-height-default elementor-section-height-default\" data-id=\"d715abe\" data-element_type=\"section\" data-e-type=\"section\">\n\t\t\t\t\t\t<div class=\"elementor-container elementor-column-gap-default\">\n\t\t\t\t\t<div class=\"elementor-column elementor-col-100 elementor-top-column elementor-element elementor-element-beb31ed\" data-id=\"beb31ed\" data-element_type=\"column\" data-e-type=\"column\">\n\t\t\t<div class=\"elementor-widget-wrap elementor-element-populated\">\n\t\t\t\t\t\t<div class=\"elementor-element elementor-element-61c3161 elementor-widget-divider--view-line elementor-widget elementor-widget-divider\" data-id=\"61c3161\" data-element_type=\"widget\" data-e-type=\"widget\" data-widget_type=\"divider.default\">\n\t\t\t\t<div class=\"elementor-widget-container\">\n\t\t\t\t\t\t\t<div class=\"elementor-divider\">\n\t\t\t<span class=\"elementor-divider-separator\">\n\t\t\t\t\t\t<\/span>\n\t\t<\/div>\n\t\t\t\t\t\t<\/div>\n\t\t\t\t<\/div>\n\t\t\t\t\t<\/div>\n\t\t<\/div>\n\t\t\t\t\t<\/div>\n\t\t<\/section>\n\t\t\t\t<section class=\"elementor-section elementor-top-section elementor-element elementor-element-3168f6f elementor-section-boxed elementor-section-height-default elementor-section-height-default\" data-id=\"3168f6f\" data-element_type=\"section\" data-e-type=\"section\">\n\t\t\t\t\t\t<div class=\"elementor-container elementor-column-gap-default\">\n\t\t\t\t\t<div class=\"elementor-column elementor-col-33 elementor-top-column elementor-element elementor-element-7d06237\" data-id=\"7d06237\" data-element_type=\"column\" data-e-type=\"column\">\n\t\t\t<div class=\"elementor-widget-wrap elementor-element-populated\">\n\t\t\t\t\t\t<div class=\"elementor-element elementor-element-e279f87 elementor-widget elementor-widget-image\" data-id=\"e279f87\" data-element_type=\"widget\" data-e-type=\"widget\" data-widget_type=\"image.default\">\n\t\t\t\t<div class=\"elementor-widget-container\">\n\t\t\t\t\t\t\t\t\t\t\t\t\t\t\t\t<a href=\"https:\/\/www.facebook.com\/people\/Kau-Getr%C3%A4nkehandel-GmbH\/100057417011353\/\">\n\t\t\t\t\t\t\t<img decoding=\"async\" width=\"150\" height=\"150\" src=\"https:\/\/www.fischenicher-schuetzen.de\/wp-content\/uploads\/2023\/02\/Getraenkehandel_Kau-150x150.png\" class=\"attachment-thumbnail size-thumbnail wp-image-42650\" alt=\"\" srcset=\"https:\/\/www.fischenicher-schuetzen.de\/wp-content\/uploads\/2023\/02\/Getraenkehandel_Kau-150x150.png 150w, https:\/\/www.fischenicher-schuetzen.de\/wp-content\/uploads\/2023\/02\/Getraenkehandel_Kau-300x300.png 300w, https:\/\/www.fischenicher-schuetzen.de\/wp-content\/uploads\/2023\/02\/Getraenkehandel_Kau.png 567w\" sizes=\"(max-width: 150px) 100vw, 150px\" \/>\t\t\t\t\t\t\t\t<\/a>\n\t\t\t\t\t\t\t\t\t\t\t\t\t\t\t<\/div>\n\t\t\t\t<\/div>\n\t\t\t\t\t<\/div>\n\t\t<\/div>\n\t\t\t\t<div class=\"elementor-column elementor-col-33 elementor-top-column elementor-element elementor-element-58409cb\" data-id=\"58409cb\" data-element_type=\"column\" data-e-type=\"column\">\n\t\t\t<div class=\"elementor-widget-wrap elementor-element-populated\">\n\t\t\t\t\t\t<div class=\"elementor-element elementor-element-eb786bf elementor-widget elementor-widget-text-editor\" data-id=\"eb786bf\" data-element_type=\"widget\" data-e-type=\"widget\" data-widget_type=\"text-editor.default\">\n\t\t\t\t<div class=\"elementor-widget-container\">\n\t\t\t\t\t\t\t\t\t<p><b>Kau Getr\u00e4nkehandel GmbH<br \/><\/b><span style=\"color: var( --e-global-color-text ); font-family: var( --e-global-typography-text-font-family ), Sans-serif; font-weight: var( --e-global-typography-text-font-weight ); background-color: var(--nv-site-bg); font-size: var(--bodyfontsize); letter-spacing: var(--bodyletterspacing); text-transform: var(--bodytexttransform);\">Rodderweg 38A<br \/><\/span><span style=\"background-color: var(--nv-site-bg); color: var( --e-global-color-text ); font-family: var( --e-global-typography-text-font-family ), Sans-serif; font-size: var(--bodyfontsize); font-weight: var( --e-global-typography-text-font-weight ); letter-spacing: var(--bodyletterspacing); text-transform: var(--bodytexttransform);\">50321 Br\u00fchl<br \/><\/span><span style=\"color: var( --e-global-color-text ); font-family: var( --e-global-typography-text-font-family ), Sans-serif; font-weight: var( --e-global-typography-text-font-weight ); background-color: var(--nv-site-bg); font-size: var(--bodyfontsize); letter-spacing: var(--bodyletterspacing); text-transform: var(--bodytexttransform);\">Tel.: 02232-31269<br \/><\/span><span style=\"color: var( --e-global-color-text ); font-family: var( --e-global-typography-text-font-family ), Sans-serif; font-weight: var( --e-global-typography-text-font-weight ); font-size: var(--bodyfontsize); letter-spacing: var(--bodyletterspacing); text-transform: var(--bodytexttransform); background-color: var(--nv-site-bg);\">Website:\u00a0<\/span><a style=\"font-size: var(--bodyfontsize); letter-spacing: var(--bodyletterspacing); text-transform: var(--bodytexttransform); background-color: var(--nv-site-bg);\" href=\"https:\/\/www.facebook.com\/people\/Kau-Getr%C3%A4nkehandel-GmbH\/100057417011353\/\"><b>Facebook-Link<\/b><\/a><\/p>\t\t\t\t\t\t\t\t<\/div>\n\t\t\t\t<\/div>\n\t\t\t\t\t<\/div>\n\t\t<\/div>\n\t\t\t\t<div class=\"elementor-column elementor-col-33 elementor-top-column elementor-element elementor-element-460141c\" data-id=\"460141c\" data-element_type=\"column\" data-e-type=\"column\">\n\t\t\t<div class=\"elementor-widget-wrap elementor-element-populated\">\n\t\t\t\t\t\t<div class=\"elementor-element elementor-element-6e05fb0 elementor-widget elementor-widget-text-editor\" data-id=\"6e05fb0\" data-element_type=\"widget\" data-e-type=\"widget\" data-widget_type=\"text-editor.default\">\n\t\t\t\t<div class=\"elementor-widget-container\">\n\t\t\t\t\t\t\t\t\t<p>Getr\u00e4nkevertrieb und Partyservice in Br\u00fchl.<\/p>\t\t\t\t\t\t\t\t<\/div>\n\t\t\t\t<\/div>\n\t\t\t\t\t<\/div>\n\t\t<\/div>\n\t\t\t\t\t<\/div>\n\t\t<\/section>\n\t\t\t\t<\/div>\n\t\t","protected":false},"excerpt":{"rendered":"<p>Wir bedanken uns ganz herzlich bei den folgenden Sponsoren Raiffeisenbank Fischenich-Kendenich eGGennerstra\u00dfe 110-11250354 H\u00fcrthTel.: 02233-942060Website:\u00a0http:\/\/www.raiba-fkh.de Die\u00a0Raiffeisenbank Fischenich-Kendenich eG\u00a0stellte f\u00fcr &#8222;Projekt Erneuerung&#8220; ein kostenfreies Spendenkonto zur Verf\u00fcgung. Domh\u00f6fe oHGAm Schildgen 1650354 H\u00fcrthTel.: 02233-9499437Website:\u00a0https:\/\/www.domhoefe.de\/ Genuss aus der Region.Nachhaltiger regionaler Anbau.Fachkompetenz vor Ort. Kau Getr\u00e4nkehandel GmbHRodderweg 38A50321 Br\u00fchlTel.: 02232-31269Website:\u00a0Facebook-Link Getr\u00e4nkevertrieb und Partyservice in Br\u00fchl.<\/p>\n","protected":false},"author":18,"featured_media":0,"parent":0,"menu_order":0,"comment_status":"closed","ping_status":"closed","template":"","meta":{"neve_meta_sidebar":"","neve_meta_container":"","neve_meta_enable_content_width":"off","neve_meta_content_width":100,"neve_meta_title_alignment":"","neve_meta_author_avatar":"","neve_post_elements_order":"","neve_meta_disable_header":"","neve_meta_disable_footer":"","neve_meta_disable_title":"","footnotes":""},"class_list":["post-42403","page","type-page","status-publish","hentry"],"_links":{"self":[{"href":"https:\/\/www.fischenicher-schuetzen.de\/index.php?rest_route=\/wp\/v2\/pages\/42403","targetHints":{"allow":["GET"]}}],"collection":[{"href":"https:\/\/www.fischenicher-schuetzen.de\/index.php?rest_route=\/wp\/v2\/pages"}],"about":[{"href":"https:\/\/www.fischenicher-schuetzen.de\/index.php?rest_route=\/wp\/v2\/types\/page"}],"author":[{"embeddable":true,"href":"https:\/\/www.fischenicher-schuetzen.de\/index.php?rest_route=\/wp\/v2\/users\/18"}],"replies":[{"embeddable":true,"href":"https:\/\/www.fischenicher-schuetzen.de\/index.php?rest_route=%2Fwp%2Fv2%2Fcomments&post=42403"}],"version-history":[{"count":26,"href":"https:\/\/www.fischenicher-schuetzen.de\/index.php?rest_route=\/wp\/v2\/pages\/42403\/revisions"}],"predecessor-version":[{"id":42887,"href":"https:\/\/www.fischenicher-schuetzen.de\/index.php?rest_route=\/wp\/v2\/pages\/42403\/revisions\/42887"}],"wp:attachment":[{"href":"https:\/\/www.fischenicher-schuetzen.de\/index.php?rest_route=%2Fwp%2Fv2%2Fmedia&parent=42403"}],"curies":[{"name":"wp","href":"https:\/\/api.w.org\/{rel}","templated":true}]}}