{"id":42469,"date":"2022-09-04T15:23:39","date_gmt":"2022-09-04T13:23:39","guid":{"rendered":"https:\/\/192.168.178.24\/wordpress\/?page_id=14"},"modified":"2026-03-07T13:35:39","modified_gmt":"2026-03-07T12:35:39","slug":"berichte","status":"publish","type":"page","link":"https:\/\/www.fischenicher-schuetzen.de\/?page_id=42469","title":{"rendered":"Aktuelles"},"content":{"rendered":"\t\t<div data-elementor-type=\"wp-page\" data-elementor-id=\"42469\" class=\"elementor elementor-42469\">\n\t\t\t\t\t\t<section class=\"elementor-section elementor-top-section elementor-element elementor-element-a84a8fe elementor-section-boxed elementor-section-height-default elementor-section-height-default\" data-id=\"a84a8fe\" data-element_type=\"section\" data-e-type=\"section\">\n\t\t\t\t\t\t<div class=\"elementor-container elementor-column-gap-default\">\n\t\t\t\t\t<div class=\"elementor-column elementor-col-100 elementor-top-column elementor-element elementor-element-b4a7ba4\" data-id=\"b4a7ba4\" data-element_type=\"column\" data-e-type=\"column\">\n\t\t\t<div class=\"elementor-widget-wrap elementor-element-populated\">\n\t\t\t\t\t\t<div class=\"elementor-element elementor-element-01a387e elementor-widget elementor-widget-image\" data-id=\"01a387e\" data-element_type=\"widget\" data-e-type=\"widget\" data-widget_type=\"image.default\">\n\t\t\t\t<div class=\"elementor-widget-container\">\n\t\t\t\t\t\t\t\t\t\t\t\t\t\t\t<img fetchpriority=\"high\" decoding=\"async\" width=\"724\" height=\"1024\" src=\"https:\/\/www.fischenicher-schuetzen.de\/wp-content\/uploads\/2026\/03\/WhatsApp-Image-2026-03-06-at-11.02.15-724x1024.jpeg\" class=\"attachment-large size-large wp-image-43195\" alt=\"\" srcset=\"https:\/\/www.fischenicher-schuetzen.de\/wp-content\/uploads\/2026\/03\/WhatsApp-Image-2026-03-06-at-11.02.15-724x1024.jpeg 724w, https:\/\/www.fischenicher-schuetzen.de\/wp-content\/uploads\/2026\/03\/WhatsApp-Image-2026-03-06-at-11.02.15-212x300.jpeg 212w, https:\/\/www.fischenicher-schuetzen.de\/wp-content\/uploads\/2026\/03\/WhatsApp-Image-2026-03-06-at-11.02.15-768x1086.jpeg 768w, https:\/\/www.fischenicher-schuetzen.de\/wp-content\/uploads\/2026\/03\/WhatsApp-Image-2026-03-06-at-11.02.15.jpeg 1080w\" sizes=\"(max-width: 724px) 100vw, 724px\" \/>\t\t\t\t\t\t\t\t\t\t\t\t\t\t\t<\/div>\n\t\t\t\t<\/div>\n\t\t\t\t<div class=\"elementor-element elementor-element-856b833 elementor-widget-divider--view-line elementor-widget elementor-widget-divider\" data-id=\"856b833\" data-element_type=\"widget\" data-e-type=\"widget\" data-widget_type=\"divider.default\">\n\t\t\t\t<div class=\"elementor-widget-container\">\n\t\t\t\t\t\t\t<div class=\"elementor-divider\">\n\t\t\t<span class=\"elementor-divider-separator\">\n\t\t\t\t\t\t<\/span>\n\t\t<\/div>\n\t\t\t\t\t\t<\/div>\n\t\t\t\t<\/div>\n\t\t\t\t\t<\/div>\n\t\t<\/div>\n\t\t\t\t\t<\/div>\n\t\t<\/section>\n\t\t\t\t<section class=\"elementor-section elementor-top-section elementor-element elementor-element-9c41db9 elementor-section-boxed elementor-section-height-default elementor-section-height-default\" data-id=\"9c41db9\" data-element_type=\"section\" data-e-type=\"section\">\n\t\t\t\t\t\t<div class=\"elementor-container elementor-column-gap-default\">\n\t\t\t\t\t<div class=\"elementor-column elementor-col-100 elementor-top-column elementor-element elementor-element-9d5bc5f\" data-id=\"9d5bc5f\" data-element_type=\"column\" data-e-type=\"column\">\n\t\t\t<div class=\"elementor-widget-wrap elementor-element-populated\">\n\t\t\t\t\t\t<div class=\"elementor-element elementor-element-661ffe3 elementor-widget elementor-widget-image\" data-id=\"661ffe3\" data-element_type=\"widget\" data-e-type=\"widget\" data-widget_type=\"image.default\">\n\t\t\t\t<div class=\"elementor-widget-container\">\n\t\t\t\t\t\t\t\t\t\t\t\t\t\t\t<img decoding=\"async\" width=\"791\" height=\"1024\" src=\"https:\/\/www.fischenicher-schuetzen.de\/wp-content\/uploads\/2022\/09\/Nachruf-Hans-Josef-Klug-2022-791x1024.jpg\" class=\"attachment-large size-large wp-image-42363\" alt=\"\" srcset=\"https:\/\/www.fischenicher-schuetzen.de\/wp-content\/uploads\/2022\/09\/Nachruf-Hans-Josef-Klug-2022-791x1024.jpg 791w, https:\/\/www.fischenicher-schuetzen.de\/wp-content\/uploads\/2022\/09\/Nachruf-Hans-Josef-Klug-2022-232x300.jpg 232w, https:\/\/www.fischenicher-schuetzen.de\/wp-content\/uploads\/2022\/09\/Nachruf-Hans-Josef-Klug-2022-768x994.jpg 768w, https:\/\/www.fischenicher-schuetzen.de\/wp-content\/uploads\/2022\/09\/Nachruf-Hans-Josef-Klug-2022-1187x1536.jpg 1187w, https:\/\/www.fischenicher-schuetzen.de\/wp-content\/uploads\/2022\/09\/Nachruf-Hans-Josef-Klug-2022-1583x2048.jpg 1583w, https:\/\/www.fischenicher-schuetzen.de\/wp-content\/uploads\/2022\/09\/Nachruf-Hans-Josef-Klug-2022-750x971.jpg 750w, https:\/\/www.fischenicher-schuetzen.de\/wp-content\/uploads\/2022\/09\/Nachruf-Hans-Josef-Klug-2022-scaled.jpg 1978w\" sizes=\"(max-width: 791px) 100vw, 791px\" \/>\t\t\t\t\t\t\t\t\t\t\t\t\t\t\t<\/div>\n\t\t\t\t<\/div>\n\t\t\t\t<div class=\"elementor-element elementor-element-5fd16cd elementor-widget elementor-widget-toggle\" data-id=\"5fd16cd\" data-element_type=\"widget\" data-e-type=\"widget\" data-widget_type=\"toggle.default\">\n\t\t\t\t<div class=\"elementor-widget-container\">\n\t\t\t\t\t\t\t<div class=\"elementor-toggle\">\n\t\t\t\t\t\t\t<div class=\"elementor-toggle-item\">\n\t\t\t\t\t<div id=\"elementor-tab-title-1001\" class=\"elementor-tab-title\" data-tab=\"1\" role=\"button\" aria-controls=\"elementor-tab-content-1001\" aria-expanded=\"false\">\n\t\t\t\t\t\t\t\t\t\t\t\t<span class=\"elementor-toggle-icon elementor-toggle-icon-left\" aria-hidden=\"true\">\n\t\t\t\t\t\t\t\t\t\t\t\t\t\t\t<span class=\"elementor-toggle-icon-closed\"><svg class=\"e-font-icon-svg e-fas-caret-right\" viewBox=\"0 0 192 512\" xmlns=\"http:\/\/www.w3.org\/2000\/svg\"><path d=\"M0 384.662V127.338c0-17.818 21.543-26.741 34.142-14.142l128.662 128.662c7.81 7.81 7.81 20.474 0 28.284L34.142 398.804C21.543 411.404 0 402.48 0 384.662z\"><\/path><\/svg><\/span>\n\t\t\t\t\t\t\t\t<span class=\"elementor-toggle-icon-opened\"><svg class=\"elementor-toggle-icon-opened e-font-icon-svg e-fas-caret-up\" viewBox=\"0 0 320 512\" xmlns=\"http:\/\/www.w3.org\/2000\/svg\"><path d=\"M288.662 352H31.338c-17.818 0-26.741-21.543-14.142-34.142l128.662-128.662c7.81-7.81 20.474-7.81 28.284 0l128.662 128.662c12.6 12.599 3.676 34.142-14.142 34.142z\"><\/path><\/svg><\/span>\n\t\t\t\t\t\t\t\t\t\t\t\t\t<\/span>\n\t\t\t\t\t\t\t\t\t\t\t\t<a class=\"elementor-toggle-title\" tabindex=\"0\">Weitere Artikel<\/a>\n\t\t\t\t\t<\/div>\n\n\t\t\t\t\t<div id=\"elementor-tab-content-1001\" class=\"elementor-tab-content elementor-clearfix\" data-tab=\"1\" role=\"region\" aria-labelledby=\"elementor-tab-title-1001\"><p><\/p>\n<p><\/p>\n<p><\/p>\n<p><\/p>\n<p><\/p>\n<h4 style=\"font-size: 16px; font-weight: var(--h4fontweight); font-family: var(--headingsfontfamily),var(--nv-fallback-ff); line-height: var(--h4lineheight); letter-spacing: var(--h4letterspacing); text-transform: none;\"><\/h4><h4 style=\"font-size: 16px; font-weight: var(--h4fontweight); font-family: var(--headingsfontfamily),var(--nv-fallback-ff); line-height: var(--h4lineheight); letter-spacing: var(--h4letterspacing); text-transform: none;\"><a href=\"https:\/\/www.rheinische-anzeigenblaetter.de\/mein-blatt\/wochenende\/huerth\/die-neuen-majestaeten-der-stadt-detlef-kalteier-ist-neuer-stadtschuetzenkoenig-32894582\"><strong>2019 Juli<\/strong><\/a><\/h4>\n<h4 style=\"font-size: 16px; font-weight: var(--h4fontweight); font-family: var(--headingsfontfamily),var(--nv-fallback-ff); line-height: var(--h4lineheight); letter-spacing: var(--h4letterspacing); text-transform: none;\"><a style=\"font-weight: var(--h4fontweight); letter-spacing: var(--h4letterspacing); background-color: var(--nv-site-bg);\" href=\"https:\/\/www.rheinische-anzeigenblaetter.de\/mein-blatt\/wochenende\/huerth\/die-neuen-majestaeten-der-stadt-detlef-kalteier-ist-neuer-stadtschuetzenkoenig-32894582\"><strong>H\u00fcrther Wochenende 24.07.2019<\/strong><\/a><\/h4>\n<h4 style=\"font-size: 16px; font-weight: var(--h4fontweight); font-family: var(--headingsfontfamily),var(--nv-fallback-ff); line-height: var(--h4lineheight); letter-spacing: var(--h4letterspacing); text-transform: none;\"><strong style=\"font-family: var(--headingsfontfamily),var(--nv-fallback-ff); letter-spacing: var(--h4letterspacing); color: var( --e-global-color-text ); background-color: var(--nv-site-bg);\">Die neuen Majest\u00e4ten der Stadt<\/strong><span style=\"font-family: var(--headingsfontfamily),var(--nv-fallback-ff); font-weight: var(--h4fontweight); letter-spacing: var(--h4letterspacing); color: var( --e-global-color-text ); background-color: var(--nv-site-bg);\">&nbsp;<br><\/span>Detlef Kalteier ist neuer Stadtsch\u00fctzenk\u00f6nig<\/h4>\n<p style=\"letter-spacing: 0.1px;\">\n<\/p><h5 style=\"font-size: var(--h5fontsize); font-weight: var(--h5fontweight); font-family: var(--headingsfontfamily),var(--nv-fallback-ff); line-height: var(--h5lineheight); letter-spacing: var(--h5letterspacing); text-transform: none;\"><strong style=\"color: var( --e-global-color-text ); font-family: var( --e-global-typography-text-font-family ), Sans-serif; font-size: var(--bodyfontsize); letter-spacing: var(--bodyletterspacing); text-transform: var(--bodytexttransform); background-color: var(--nv-site-bg);\">H\u00dcRTH-GLEUEL \u2013<\/strong><span style=\"color: var( --e-global-color-text ); font-family: var( --e-global-typography-text-font-family ), Sans-serif; font-weight: var( --e-global-typography-text-font-weight ); font-size: var(--bodyfontsize); letter-spacing: var(--bodyletterspacing); text-transform: var(--bodytexttransform); background-color: var(--nv-site-bg);\">(chs).<\/span><\/h5>\n<p style=\"letter-spacing: 0.1px;\">\n<\/p><p style=\"letter-spacing: 0.1px;\">\n<\/p><p style=\"letter-spacing: 0.1px;\">Zum 17. Mal hatte der Stadtsportverband das Stadtsch\u00fctzenfest ausgerichtet, zu dem auch in diesem Jahr wieder viele H\u00fcrther Freunde zu den Schie\u00dfwettbewerben antraten. Auf dem Sch\u00fctzenplatz in H\u00fcrth-Gleuel versammelte sich zun\u00e4chst eine stattliche Menschenmenge zum Einmarsch der Fahnen und Majest\u00e4ten. Nach einem Gru\u00dfwort des Schirmherren und B\u00fcrgermeisters Dirk Breuer sowie der Vorstellung aller Majest\u00e4ten durch Wolfgang Engel, Vorsitzender des Stadtsportverbandes H\u00fcrth, hie\u00df es Nerven und Treffsicherheit beweisen. So zeigten Bambini, Sch\u00fcler, Prinzen oder K\u00f6nige, wer das beste Zielwasser im Blut hat. Bei der Siegerehrung der Sportwoche sowie der Kr\u00f6nung der Stadtmajest\u00e4ten standen schlie\u00dflich folgende neue Ergebnisse fest: Stadtbambiniprinzessin ist Angelina Kuck von der St. Donatus Sch\u00fctzenbruderschaft Efferen ( 51 Ring), Stadtsch\u00fclerprinzessin Melanie Kurb, ebenfalls aus Efferen (77 Schuss). Die neue&nbsp;Stadtjugendprinzessin stellt Lea Marie Walker von der St. Hubertus Sch\u00fctzenbruderschaft Berrenrath (77 Schuss). Stadtb\u00fcrgerk\u00f6nigin wurde Annkatrin Heitmann aus H\u00fcrth-Herm\u00fclheim (92 Schuss) gefolgt vom neuen<br>Stadtk\u00f6nig Detlef Kalteier von der St. Hubertus Sch\u00fctzenbruderschaft Fischenich, der mit 73 Schuss den Titel errang.<\/p>\n<p style=\"letter-spacing: 0.1px;\"><a href=\"https:\/\/www.rheinische-anzeigenblaetter.de\/mein-blatt\/wochenende\/huerth\/die-neuen-majestaeten-der-stadt-detlef-kalteier-ist-neuer-stadtschuetzenkoenig-32894582\"><img decoding=\"async\" style=\"color: var( --e-global-color-text ); font-family: var( --e-global-typography-text-font-family ), Sans-serif; font-weight: var( --e-global-typography-text-font-weight ); background-color: var(--nv-site-bg); font-size: var(--bodyfontsize); letter-spacing: var(--bodyletterspacing); text-transform: var(--bodytexttransform);\" src=\"http:\/\/www.fischenicher-schuetzen.de\/wp-content\/uploads\/2019\/07\/img-4638-300x150.jpg\" alt=\"Foto:&nbsp;Christina Stemmermann\" width=\"291\" height=\"146\"><\/a>&nbsp; &nbsp; &nbsp;<a href=\"https:\/\/www.rheinische-anzeigenblaetter.de\/mein-blatt\/wochenende\/huerth\/die-neuen-majestaeten-der-stadt-detlef-kalteier-ist-neuer-stadtschuetzenkoenig-32894582\"><img loading=\"lazy\" decoding=\"async\" style=\"color: var( --e-global-color-text ); font-family: var( --e-global-typography-text-font-family ), Sans-serif; font-weight: var( --e-global-typography-text-font-weight ); background-color: var(--nv-site-bg); font-size: var(--bodyfontsize); letter-spacing: var(--bodyletterspacing); text-transform: var(--bodytexttransform);\" src=\"http:\/\/www.fischenicher-schuetzen.de\/wp-content\/uploads\/2019\/07\/img-4625-300x200.jpg\" alt=\"Foto:&nbsp;Christina Stemmermann\" width=\"300\" height=\"200\"><\/a>&nbsp; &nbsp; &nbsp;&nbsp;<a href=\"https:\/\/www.rheinische-anzeigenblaetter.de\/mein-blatt\/wochenende\/huerth\/die-neuen-majestaeten-der-stadt-detlef-kalteier-ist-neuer-stadtschuetzenkoenig-32894582\"><img loading=\"lazy\" decoding=\"async\" style=\"color: var( --e-global-color-text ); font-family: var( --e-global-typography-text-font-family ), Sans-serif; font-weight: var( --e-global-typography-text-font-weight ); letter-spacing: var(--bodyletterspacing); text-transform: var(--bodytexttransform); background-color: var(--nv-site-bg); font-size: var(--bodyfontsize);\" src=\"http:\/\/www.fischenicher-schuetzen.de\/wp-content\/uploads\/2019\/07\/img-4629-300x200.jpg\" alt=\"Foto:&nbsp;Christina Stemmermann\" width=\"300\" height=\"200\"><\/a><br><span style=\"font-size: 0.9em; color: var( --e-global-color-text ); font-family: var( --e-global-typography-text-font-family ), Sans-serif; font-weight: var( --e-global-typography-text-font-weight ); background-color: var(--nv-site-bg); letter-spacing: var(--bodyletterspacing); text-transform: var(--bodytexttransform);\">Fotos:&nbsp;Christina Stemmermann<\/span><\/p>\n<p style=\"letter-spacing: 0.1px;\">\n<\/p><p style=\"letter-spacing: 0.1px;\">\n<\/p><p style=\"letter-spacing: 0.1px;\">\n<\/p><p style=\"letter-spacing: 0.1px;\">\n<\/p><p style=\"letter-spacing: 0.1px;\">\n<\/p><p style=\"letter-spacing: 0.1px;\"><span style=\"--linkdeco: underline;\">Sch\u00fctzen aus ganz H\u00fcrth trafen sich auf Einladung des Stadtsportverbandes zur Ermittlung der Stadtmajest\u00e4ten und zum geselligen Beisammensein. Die Sieger in den verschiedenen Klassen nahmen am Ende des Tages die Insignien ihres Titels entgegen.<\/span><\/p>\n<hr style=\"color: #424242; width: 1090px; background-color: #ffffff; letter-spacing: 0.1px;\">\n<p><a href=\"http:\/\/www.fischenicher-schuetzen.de\/wp-content\/uploads\/2019\/06\/2019-Beisammensein.jpg\" target=\"_blank\" rel=\"noreferrer noopener\"><strong>2019 Mai<\/strong><\/a><\/p>\n<p><\/p>\n<p><\/p>\n<p><a href=\"http:\/\/www.fischenicher-schuetzen.de\/wp-content\/uploads\/2019\/06\/2019-Beisammensein.jpg\" target=\"_blank\" rel=\"noreferrer noopener\"><strong>Sonntags Post \u2013 02.06.2019<\/strong><\/a><\/p>\n<p><\/p>\n<p><\/p>\n<div>\n<figure><a href=\"http:\/\/www.fischenicher-schuetzen.de\/wp-content\/uploads\/2019\/06\/2019-Beisammensein.jpg\" target=\"_blank\" rel=\"noreferrer noopener\"><img decoding=\"async\" src=\"http:\/\/www.fischenicher-schuetzen.de\/wp-content\/uploads\/2019\/06\/2019-Beisammensein-300x243.jpg\" alt=\"\"><\/a><\/figure>\n<\/div>\n<p><\/p>\n<hr>\n<p><\/p>\n<p><\/p>\n<p><a href=\"https:\/\/www.rheinische-anzeigenblaetter.de\/mein-blatt\/bruehler-schlossbote\/bruehl\/titel-ging-nach-pingsdorf-marcel-horlebein-neuer-bezirksschuetzenkoenig-32343558?dmcid=sm_em\" target=\"_blank\" rel=\"noreferrer noopener\"><strong>2019 April<\/strong><\/a><\/p>\n<p><\/p>\n<p><\/p>\n<div>\n<figure><a href=\"https:\/\/www.rheinische-anzeigenblaetter.de\/mein-blatt\/bruehler-schlossbote\/bruehl\/titel-ging-nach-pingsdorf-marcel-horlebein-neuer-bezirksschuetzenkoenig-32343558?dmcid=sm_em\" target=\"_blank\" rel=\"noreferrer noopener\"><img decoding=\"async\" src=\"http:\/\/www.fischenicher-schuetzen.de\/wp-content\/uploads\/2019\/05\/2019-04-24-Pingsdorf_1024-235x300.jpg\" alt=\"\"><\/a><\/figure>\n<\/div>\n<p><\/p>\n<p><\/p>\n<p><a href=\"https:\/\/www.rheinische-anzeigenblaetter.de\/mein-blatt\/bruehler-schlossbote\/bruehl\/titel-ging-nach-pingsdorf-marcel-horlebein-neuer-bezirksschuetzenkoenig-32343558?dmcid=sm_em\" target=\"_blank\" rel=\"noreferrer noopener\">Br\u00fchler Schlossbote \u2013 24.04.2019<\/a><\/p>\n<p><\/p>\n<p><\/p>\n<hr>\n<p><\/p>\n<p><\/p>\n<p><a href=\"https:\/\/www.rheinische-anzeigenblaetter.de\/mein-blatt\/bruehler-schlossbote\/bruehl\/schuetzen-ermittelten-ihre-bezirksmeister-teilnehmer-aus-bruehl-und-umgebung-32249086\" target=\"_blank\" rel=\"noreferrer noopener\"><strong>2019 M\u00e4rz<\/strong><\/a><\/p>\n<p><\/p>\n<p><\/p>\n<p><a href=\"https:\/\/www.rheinische-anzeigenblaetter.de\/mein-blatt\/bruehler-schlossbote\/bruehl\/schuetzen-ermittelten-ihre-bezirksmeister-teilnehmer-aus-bruehl-und-umgebung-32249086\" target=\"_blank\" rel=\"noreferrer noopener\">Br\u00fchler Schlossbote \u2013 22.03.2019<\/a><\/p>\n<p><\/p>\n<p><\/p>\n<p><a href=\"https:\/\/www.rheinische-anzeigenblaetter.de\/mein-blatt\/bruehler-schlossbote\/bruehl\/schuetzen-ermittelten-ihre-bezirksmeister-teilnehmer-aus-bruehl-und-umgebung-32249086\" target=\"_blank\" rel=\"noreferrer noopener\">Sch\u00fctzen ermittelten ihren Bezirksmeister<\/a><\/p>\n<p><\/p>\n<p><\/p>\n<div>\n<figure><img decoding=\"async\" src=\"https:\/\/media04.rheinische-anzeigenblaetter.de\/article\/2019\/03\/22\/1\/636251_L.jpg?1639087731\" alt=\"In drei Disziplinen ermittelten die Sch\u00fctzen aus dem Bezirk Br\u00fchl ihre neuen Meister.\"><\/figure>\n<\/div>\n<p><\/p>\n<p><\/p>\n<hr>\n<p><a href=\"http:\/\/www.fischenicher-schuetzen.de\/wp-content\/uploads\/2019\/05\/2019-Sch%C3%BCtzenfest_1024.jpg\" target=\"_blank\" rel=\"noreferrer noopener\"><strong>2018 Juni<\/strong><\/a><\/p>\n<p><\/p>\n<p><\/p>\n<div>\n<figure><img decoding=\"async\" src=\"http:\/\/www.fischenicher-schuetzen.de\/wp-content\/uploads\/2019\/05\/2019-Sch%C3%BCtzenfest_1024-300x257.jpg\" alt=\"\"><\/figure>\n<\/div><\/div>\n\t\t\t\t<\/div>\n\t\t\t\t\t\t\t\t<\/div>\n\t\t\t\t\t\t<\/div>\n\t\t\t\t<\/div>\n\t\t\t\t\t<\/div>\n\t\t<\/div>\n\t\t\t\t\t<\/div>\n\t\t<\/section>\n\t\t\t\t<\/div>\n\t\t","protected":false},"excerpt":{"rendered":"<p>Weitere Artikel 2019 Juli H\u00fcrther Wochenende 24.07.2019 Die neuen Majest\u00e4ten der Stadt&nbsp;Detlef Kalteier ist neuer Stadtsch\u00fctzenk\u00f6nig H\u00dcRTH-GLEUEL \u2013(chs). Zum 17. Mal hatte der Stadtsportverband das Stadtsch\u00fctzenfest ausgerichtet, zu dem auch in diesem Jahr wieder viele H\u00fcrther Freunde zu den Schie\u00dfwettbewerben antraten. Auf dem Sch\u00fctzenplatz in H\u00fcrth-Gleuel versammelte sich zun\u00e4chst eine stattliche Menschenmenge zum Einmarsch der&hellip;&nbsp;<a href=\"https:\/\/www.fischenicher-schuetzen.de\/?page_id=42469\" rel=\"bookmark\">Weiterlesen &raquo;<span class=\"screen-reader-text\">Aktuelles<\/span><\/a><\/p>\n","protected":false},"author":17,"featured_media":0,"parent":0,"menu_order":0,"comment_status":"closed","ping_status":"closed","template":"","meta":{"neve_meta_sidebar":"","neve_meta_container":"","neve_meta_enable_content_width":"off","neve_meta_content_width":100,"neve_meta_title_alignment":"","neve_meta_author_avatar":"","neve_post_elements_order":"","neve_meta_disable_header":"","neve_meta_disable_footer":"","neve_meta_disable_title":"","footnotes":""},"class_list":["post-42469","page","type-page","status-publish","hentry"],"_links":{"self":[{"href":"https:\/\/www.fischenicher-schuetzen.de\/index.php?rest_route=\/wp\/v2\/pages\/42469","targetHints":{"allow":["GET"]}}],"collection":[{"href":"https:\/\/www.fischenicher-schuetzen.de\/index.php?rest_route=\/wp\/v2\/pages"}],"about":[{"href":"https:\/\/www.fischenicher-schuetzen.de\/index.php?rest_route=\/wp\/v2\/types\/page"}],"author":[{"embeddable":true,"href":"https:\/\/www.fischenicher-schuetzen.de\/index.php?rest_route=\/wp\/v2\/users\/17"}],"replies":[{"embeddable":true,"href":"https:\/\/www.fischenicher-schuetzen.de\/index.php?rest_route=%2Fwp%2Fv2%2Fcomments&post=42469"}],"version-history":[{"count":37,"href":"https:\/\/www.fischenicher-schuetzen.de\/index.php?rest_route=\/wp\/v2\/pages\/42469\/revisions"}],"predecessor-version":[{"id":43199,"href":"https:\/\/www.fischenicher-schuetzen.de\/index.php?rest_route=\/wp\/v2\/pages\/42469\/revisions\/43199"}],"wp:attachment":[{"href":"https:\/\/www.fischenicher-schuetzen.de\/index.php?rest_route=%2Fwp%2Fv2%2Fmedia&parent=42469"}],"curies":[{"name":"wp","href":"https:\/\/api.w.org\/{rel}","templated":true}]}}